{"id":136,"date":"2023-06-13T14:38:24","date_gmt":"2023-06-13T14:38:24","guid":{"rendered":"https:\/\/importaco.com\/preview\/?page_id=136"},"modified":"2023-06-13T14:59:53","modified_gmt":"2023-06-13T14:59:53","slug":"importaco-group-basic-gdpr-information","status":"publish","type":"page","link":"https:\/\/importaco.com\/en\/importaco-group-basic-gdpr-information\/","title":{"rendered":"IMPORTACO GROUP BASIC GDPR INFORMATION"},"content":{"rendered":"<p>This message is addressed exclusively to its recipient and contains confidential information subject to professional secrecy, the disclosure of which is prohibited. If you have received this message in error, please notify us by email sent to our attention and proceed to its elimination.<\/p>\n<p>The information that you have brought to our attention will be processed in order to maintain established commercial contact with you, the legitimacy for the processing being the consent given or the provision of services. You can exercise the rights of access, rectification, deletion, opposition, limitation, and portability by sending a letter to that effect, sending an email to the following email address: <a href=\"mailto:dpo@importaco.com\">dpo@importaco.com<\/a><\/p>\n","protected":false},"excerpt":{"rendered":"<p>This message is addressed exclusively to its recipient and contains confidential information subject to professional secrecy, the disclosure of which\u2026<\/p>\n","protected":false},"author":7,"featured_media":0,"parent":0,"menu_order":0,"comment_status":"closed","ping_status":"closed","template":"","meta":{"_acf_changed":false,"inline_featured_image":false,"footnotes":""},"acf":[],"yoast_head":"<!-- This site is optimized with the Yoast SEO plugin v23.5 - https:\/\/yoast.com\/wordpress\/plugins\/seo\/ -->\n<title>IMPORTACO GROUP BASIC GDPR INFORMATION - Importaco<\/title>\n<meta name=\"robots\" content=\"index, follow, max-snippet:-1, max-image-preview:large, max-video-preview:-1\" \/>\n<link rel=\"canonical\" href=\"https:\/\/importaco.com\/en\/importaco-group-basic-gdpr-information\/\" \/>\n<meta property=\"og:locale\" content=\"en_US\" \/>\n<meta property=\"og:type\" content=\"article\" \/>\n<meta property=\"og:title\" content=\"IMPORTACO GROUP BASIC GDPR INFORMATION - Importaco\" \/>\n<meta property=\"og:description\" content=\"This message is addressed exclusively to its recipient and contains confidential information subject to professional secrecy, the disclosure of which\u2026\" \/>\n<meta property=\"og:url\" content=\"https:\/\/importaco.com\/en\/importaco-group-basic-gdpr-information\/\" \/>\n<meta property=\"og:site_name\" content=\"Importaco\" \/>\n<meta property=\"article:modified_time\" content=\"2023-06-13T14:59:53+00:00\" \/>\n<meta name=\"twitter:card\" content=\"summary_large_image\" \/>\n<meta name=\"twitter:label1\" content=\"Est. reading time\" \/>\n\t<meta name=\"twitter:data1\" content=\"1 minute\" \/>\n<script type=\"application\/ld+json\" class=\"yoast-schema-graph\">{\"@context\":\"https:\/\/schema.org\",\"@graph\":[{\"@type\":\"WebPage\",\"@id\":\"https:\/\/importaco.com\/en\/importaco-group-basic-gdpr-information\/\",\"url\":\"https:\/\/importaco.com\/en\/importaco-group-basic-gdpr-information\/\",\"name\":\"IMPORTACO GROUP BASIC GDPR INFORMATION - Importaco\",\"isPartOf\":{\"@id\":\"https:\/\/importaco.com\/#website\"},\"datePublished\":\"2023-06-13T14:38:24+00:00\",\"dateModified\":\"2023-06-13T14:59:53+00:00\",\"breadcrumb\":{\"@id\":\"https:\/\/importaco.com\/en\/importaco-group-basic-gdpr-information\/#breadcrumb\"},\"inLanguage\":\"en-US\",\"potentialAction\":[{\"@type\":\"ReadAction\",\"target\":[\"https:\/\/importaco.com\/en\/importaco-group-basic-gdpr-information\/\"]}]},{\"@type\":\"BreadcrumbList\",\"@id\":\"https:\/\/importaco.com\/en\/importaco-group-basic-gdpr-information\/#breadcrumb\",\"itemListElement\":[{\"@type\":\"ListItem\",\"position\":1,\"name\":\"Portada\",\"item\":\"https:\/\/importaco.com\/en\/\"},{\"@type\":\"ListItem\",\"position\":2,\"name\":\"IMPORTACO GROUP BASIC GDPR INFORMATION\"}]},{\"@type\":\"WebSite\",\"@id\":\"https:\/\/importaco.com\/#website\",\"url\":\"https:\/\/importaco.com\/\",\"name\":\"Importaco\",\"description\":\"Importaco, fundada en 1940, es una compa\u00f1\u00eda l\u00edder en la industria de alimentaci\u00f3n y bebidas, especializada en la comercializaci\u00f3n de frutos secos y agua mineral.\",\"potentialAction\":[{\"@type\":\"SearchAction\",\"target\":{\"@type\":\"EntryPoint\",\"urlTemplate\":\"https:\/\/importaco.com\/?s={search_term_string}\"},\"query-input\":{\"@type\":\"PropertyValueSpecification\",\"valueRequired\":true,\"valueName\":\"search_term_string\"}}],\"inLanguage\":\"en-US\"}]}<\/script>\n<!-- \/ Yoast SEO plugin. -->","yoast_head_json":{"title":"IMPORTACO GROUP BASIC GDPR INFORMATION - Importaco","robots":{"index":"index","follow":"follow","max-snippet":"max-snippet:-1","max-image-preview":"max-image-preview:large","max-video-preview":"max-video-preview:-1"},"canonical":"https:\/\/importaco.com\/en\/importaco-group-basic-gdpr-information\/","og_locale":"en_US","og_type":"article","og_title":"IMPORTACO GROUP BASIC GDPR INFORMATION - Importaco","og_description":"This message is addressed exclusively to its recipient and contains confidential information subject to professional secrecy, the disclosure of which\u2026","og_url":"https:\/\/importaco.com\/en\/importaco-group-basic-gdpr-information\/","og_site_name":"Importaco","article_modified_time":"2023-06-13T14:59:53+00:00","twitter_card":"summary_large_image","twitter_misc":{"Est. reading time":"1 minute"},"schema":{"@context":"https:\/\/schema.org","@graph":[{"@type":"WebPage","@id":"https:\/\/importaco.com\/en\/importaco-group-basic-gdpr-information\/","url":"https:\/\/importaco.com\/en\/importaco-group-basic-gdpr-information\/","name":"IMPORTACO GROUP BASIC GDPR INFORMATION - Importaco","isPartOf":{"@id":"https:\/\/importaco.com\/#website"},"datePublished":"2023-06-13T14:38:24+00:00","dateModified":"2023-06-13T14:59:53+00:00","breadcrumb":{"@id":"https:\/\/importaco.com\/en\/importaco-group-basic-gdpr-information\/#breadcrumb"},"inLanguage":"en-US","potentialAction":[{"@type":"ReadAction","target":["https:\/\/importaco.com\/en\/importaco-group-basic-gdpr-information\/"]}]},{"@type":"BreadcrumbList","@id":"https:\/\/importaco.com\/en\/importaco-group-basic-gdpr-information\/#breadcrumb","itemListElement":[{"@type":"ListItem","position":1,"name":"Portada","item":"https:\/\/importaco.com\/en\/"},{"@type":"ListItem","position":2,"name":"IMPORTACO GROUP BASIC GDPR INFORMATION"}]},{"@type":"WebSite","@id":"https:\/\/importaco.com\/#website","url":"https:\/\/importaco.com\/","name":"Importaco","description":"Importaco, fundada en 1940, es una compa\u00f1\u00eda l\u00edder en la industria de alimentaci\u00f3n y bebidas, especializada en la comercializaci\u00f3n de frutos secos y agua mineral.","potentialAction":[{"@type":"SearchAction","target":{"@type":"EntryPoint","urlTemplate":"https:\/\/importaco.com\/?s={search_term_string}"},"query-input":{"@type":"PropertyValueSpecification","valueRequired":true,"valueName":"search_term_string"}}],"inLanguage":"en-US"}]}},"_links":{"self":[{"href":"https:\/\/importaco.com\/en\/wp-json\/wp\/v2\/pages\/136"}],"collection":[{"href":"https:\/\/importaco.com\/en\/wp-json\/wp\/v2\/pages"}],"about":[{"href":"https:\/\/importaco.com\/en\/wp-json\/wp\/v2\/types\/page"}],"author":[{"embeddable":true,"href":"https:\/\/importaco.com\/en\/wp-json\/wp\/v2\/users\/7"}],"replies":[{"embeddable":true,"href":"https:\/\/importaco.com\/en\/wp-json\/wp\/v2\/comments?post=136"}],"version-history":[{"count":2,"href":"https:\/\/importaco.com\/en\/wp-json\/wp\/v2\/pages\/136\/revisions"}],"predecessor-version":[{"id":143,"href":"https:\/\/importaco.com\/en\/wp-json\/wp\/v2\/pages\/136\/revisions\/143"}],"wp:attachment":[{"href":"https:\/\/importaco.com\/en\/wp-json\/wp\/v2\/media?parent=136"}],"curies":[{"name":"wp","href":"https:\/\/api.w.org\/{rel}","templated":true}]}}