{"id":161,"date":"2023-06-22T15:38:35","date_gmt":"2023-06-22T15:38:35","guid":{"rendered":"https:\/\/importaco.com\/preview\/politica-de-privacidad\/"},"modified":"2023-06-26T10:10:09","modified_gmt":"2023-06-26T10:10:09","slug":"privacy-policy","status":"publish","type":"page","link":"https:\/\/importaco.com\/en\/privacy-policy\/","title":{"rendered":"Privacy Policy"},"content":{"rendered":"<p><span style=\"text-decoration: underline;\"><strong>Who is the data controller of your data?<\/strong><\/span><\/p>\n<p>&nbsp;<\/p>\n<ul>\n<li><strong>Entity name:<\/strong> IMPORTACO, S.A. (hereinafter, \u201cIMPORTACO\u201d)<br \/>\n<strong>Address:<\/strong> Carretera Real de Madrid Norte, 81; 46469 Beniparrell (Valencia)<br \/>\n<strong>Email address:<\/strong> <a href=\"mailto:comunicacion@importaco.com\">comunicacion@importaco.com<\/a><\/li>\n<\/ul>\n<p>&nbsp;<\/p>\n<p>We inform you that through this Privacy Policy, we provide you with information about your rights with regard to personal data protection.<\/p>\n<p>&nbsp;<\/p>\n<p>&nbsp;<\/p>\n<p><strong><span style=\"text-decoration: underline;\">What data is collected?<\/span><\/strong><\/p>\n<p>&nbsp;<\/p>\n<p>We inform you that the data that you expressly, freely and voluntarily agree to share with IMPORTACO includes your full name, your email address and any other information provided through the contact form, the job platform, the user registration platform and the email addresses provided for that purpose.<\/p>\n<p>The identifying information that you provide shall be deemed to be truthful, accurate, correct and up-to-date as you entered them voluntarily. If the data provided relates to a third party, you warrant that they have been informed of this Privacy Policy and that they have authorised you to provide their data to IMPORTACO.<\/p>\n<p>&nbsp;<\/p>\n<h3><\/h3>\n<p>&nbsp;<\/p>\n<p><span style=\"text-decoration: underline;\"><strong>For what purposes do we process your data?<\/strong><\/span><\/p>\n<p>&nbsp;<\/p>\n<p>The aforesaid personal data shall be processed by IMPORTACO for the following purposes:<\/p>\n<ul>\n<li>&#8211; To handle queries sent through the forms and\/or to the contact addresses.<\/li>\n<li>&#8211; To manage the staff selection process for companies from the Importaco Group and the relationship with you as a job candidate.<\/li>\n<li>&#8211; To send you important information in relation to the Website, changes to our terms, conditions and policies and\/or other administrative information.<\/li>\n<\/ul>\n<p>The data collected is required to fulfil the aforementioned purposes, so any refusal to provide them shall make it impossible for you to receive any response to requests made.<\/p>\n<p>&nbsp;<\/p>\n<p>&nbsp;<\/p>\n<p><span style=\"text-decoration: underline;\"><strong>What is the legal basis for processing your data?<\/strong><\/span><\/p>\n<p>&nbsp;<\/p>\n<p>The legal basis for processing the data covered by this Privacy Policy, with regard to the following data processing, is as follows:<\/p>\n<ul>\n<li>&#8211; Processing of data in the contact forms on the website and\/or in emails: the legal basis is IMPORTACO\u2019s legitimate interest in dealing with requests for information.<\/li>\n<li>&#8211; Processing of data in the staff selection management process for companies from the Importaco Group and the relationship with you as a job candidate: the legal basis is the consent given by you to be added to the database.<\/li>\n<\/ul>\n<p>Furthermore, the legal basis for processing the data subject\u2019s data shall be based on IMPORTACO\u2019s legitimate interest in maintaining a line of communication with users of its Website, through processing for the internal administration of the Website.<\/p>\n<p>&nbsp;<\/p>\n<p>&nbsp;<\/p>\n<p><span style=\"text-decoration: underline;\"><strong>To which recipients will your data be disclosed?<\/strong><\/span><\/p>\n<p>&nbsp;<\/p>\n<p>We inform you that, as part of the fulfilment of the purposes directly related to our legitimate functions, your personal data may be transferred and\/or disclosed to:<br \/>\n&#8211; other companies that belong to the IMPORTACO group and which may be involved in the management of your personal data;<\/p>\n<ul>\n<li>&#8211; third parties that have a service provision relationship with IMPORTACO and whose activity requires access to such information: services including, but not limited to, the shipping of products, hosting of websites, data analysis, infrastructure provision and other similar services;<\/li>\n<li>&#8211; the Authorities due to a legal or regulatory requirement, to comply with any legal obligation.<\/li>\n<\/ul>\n<p>&nbsp;<\/p>\n<p>&nbsp;<\/p>\n<p><span style=\"text-decoration: underline;\"><strong>For how long do we retain your personal data?<\/strong><\/span><\/p>\n<p>&nbsp;<\/p>\n<p>The data will be retained for the necessary time, depending on the purpose for which it was provided or collected, and for the duration of the statutory limitation period for legal claims set forth in the law, to address any liabilities that may arise.<\/p>\n<p>Regarding any job vacancies for which you apply or send us your CV, it shall be retained for 5 years from the time when it was last updated, after which the data shall be deleted if it has not subsequently been updated.<\/p>\n<p>&nbsp;<\/p>\n<p>&nbsp;<\/p>\n<p><span style=\"text-decoration: underline;\"><strong>What are your rights?<\/strong><\/span><\/p>\n<p>&nbsp;<\/p>\n<p>You shall have the right to obtain confirmation about whether or not we are processing personal data relating to you. With regard to your personal data, you have the right to, as applicable:<\/p>\n<ul>\n<li>&#8211; Access the data.<\/li>\n<li>&#8211; Request that it be rectified.<\/li>\n<li>&#8211; Request that it be cancelled or erased.<\/li>\n<li>&#8211; Request the restriction of the processing thereof.<\/li>\n<li>&#8211; Object to it being processed.<\/li>\n<li>&#8211; Where appropriate, request its portability in a structured, commonly used and machine-readable format.<\/li>\n<\/ul>\n<p>&nbsp;<\/p>\n<p>We also remind you that the user may withdraw the consent given, for any purpose, at any time. You may exercise such rights through IMPORTACO. To do this, you may write to IMPORTACO at the postal address that appears at the beginning of this Privacy Policy, attaching a photocopy of your ID card to the request and\/or send an email to the following address: <a href=\"mailto:comunicacion@importaco.com\">comunicacion@importaco.com<\/a> indicating \u201cIMPORTACO Personal Data Protection Act\u201d and the right that you wish to exercise.<\/p>\n<p>Finally, we inform you that the user is entitled to file a claim with the relevant data protection authority which, in the case of Spain, is the Spanish Data Protection Agency.<\/p>\n<p>&nbsp;<\/p>\n<p>&nbsp;<\/p>\n<p><span style=\"text-decoration: underline;\"><strong>Technical and organisational measures<\/strong><\/span><\/p>\n<p>&nbsp;<\/p>\n<p>IMPORTACO has adopted the technical and organisational measures necessary to ensure the security of the personal data being processed and prevent it from being altered, lost, processed or accessed without authorisation, taking into account the state of the art, the type of data stored and the risks to which it is exposed, whether originating from human actions or the physical or natural environment. Specifically, measures have been adopted that are aimed at achieving the basic security objectives, such as: confidentiality (meaning restricting access to information by unauthorised persons), integrity (meaning maintaining reliable and high-quality information) and availability (meaning ensuring access to the information system for requests from authorised users).<\/p>\n<p>&nbsp;<\/p>\n<p>&nbsp;<\/p>\n<p><span style=\"text-decoration: underline;\"><strong>Links to other websites<\/strong><\/span><\/p>\n<p>&nbsp;<\/p>\n<p>The Website may contain links to other websites or social forums which may be of interest to users. IMPORTACO accepts no responsibility for those links, as it is unable to guarantee the application of suitable privacy policies, so users who access the content on those websites do so under their own responsibility, according to the terms of use established therein.<\/p>\n<p>&nbsp;<\/p>\n<p>Our Privacy Policy is not applicable and we are not responsible for the privacy, information or other practices of third parties, including any third party that may appear in the search results and the websites accessed from this site. The inclusion of a link on this Website does not imply any endorsement of the site linked by us or by our subsidiaries.<\/p>\n<p>&nbsp;<\/p>\n<p>&nbsp;<\/p>\n<p><strong><span style=\"text-decoration: underline;\">Changes to the Privacy Policy<\/span><\/strong><\/p>\n<p>&nbsp;<\/p>\n<p>IMPORTACO reserves the right to change this Privacy Policy at any time to accommodate any legislative changes, so we recommend reading it before entering and browsing the Website.<\/p>\n<p>&nbsp;<\/p>\n<p>If you have any queries, questions or recommendations regarding our Privacy Policy, you may contact us by email at the following address: <a href=\"mailto:comunicacion@importaco.com\">comunicacion@importaco.com<\/a><\/p>\n<p>&nbsp;<\/p>\n<p>LAST UPDATED: June 2019.<\/p>\n","protected":false},"excerpt":{"rendered":"<p>Who is the data controller of your data? &nbsp; Entity name: IMPORTACO, S.A. (hereinafter, \u201cIMPORTACO\u201d) Address: Carretera Real de Madrid\u2026<\/p>\n","protected":false},"author":7,"featured_media":0,"parent":0,"menu_order":0,"comment_status":"closed","ping_status":"closed","template":"","meta":{"_acf_changed":false,"inline_featured_image":false,"footnotes":""},"acf":[],"yoast_head":"<!-- This site is optimized with the Yoast SEO plugin v23.5 - https:\/\/yoast.com\/wordpress\/plugins\/seo\/ -->\n<title>Privacy Policy - Importaco<\/title>\n<meta name=\"robots\" content=\"index, follow, max-snippet:-1, max-image-preview:large, max-video-preview:-1\" \/>\n<link rel=\"canonical\" href=\"https:\/\/importaco.com\/politica-de-privacidad\/\" \/>\n<meta property=\"og:locale\" content=\"en_US\" \/>\n<meta property=\"og:type\" content=\"article\" \/>\n<meta property=\"og:title\" content=\"Privacy Policy - Importaco\" \/>\n<meta property=\"og:description\" content=\"Who is the data controller of your data? &nbsp; Entity name: IMPORTACO, S.A. (hereinafter, \u201cIMPORTACO\u201d) Address: Carretera Real de Madrid\u2026\" \/>\n<meta property=\"og:url\" content=\"https:\/\/importaco.com\/politica-de-privacidad\/\" \/>\n<meta property=\"og:site_name\" content=\"Importaco\" \/>\n<meta property=\"article:modified_time\" content=\"2023-06-26T10:10:09+00:00\" \/>\n<meta name=\"twitter:card\" content=\"summary_large_image\" \/>\n<meta name=\"twitter:label1\" content=\"Est. reading time\" \/>\n\t<meta name=\"twitter:data1\" content=\"5 minutes\" \/>\n<script type=\"application\/ld+json\" class=\"yoast-schema-graph\">{\"@context\":\"https:\/\/schema.org\",\"@graph\":[{\"@type\":\"WebPage\",\"@id\":\"https:\/\/importaco.com\/politica-de-privacidad\/\",\"url\":\"https:\/\/importaco.com\/politica-de-privacidad\/\",\"name\":\"Privacy Policy - Importaco\",\"isPartOf\":{\"@id\":\"https:\/\/importaco.com\/#website\"},\"datePublished\":\"2023-06-22T15:38:35+00:00\",\"dateModified\":\"2023-06-26T10:10:09+00:00\",\"breadcrumb\":{\"@id\":\"https:\/\/importaco.com\/politica-de-privacidad\/#breadcrumb\"},\"inLanguage\":\"en-US\",\"potentialAction\":[{\"@type\":\"ReadAction\",\"target\":[\"https:\/\/importaco.com\/politica-de-privacidad\/\"]}]},{\"@type\":\"BreadcrumbList\",\"@id\":\"https:\/\/importaco.com\/politica-de-privacidad\/#breadcrumb\",\"itemListElement\":[{\"@type\":\"ListItem\",\"position\":1,\"name\":\"Portada\",\"item\":\"https:\/\/importaco.com\/en\/\"},{\"@type\":\"ListItem\",\"position\":2,\"name\":\"Privacy Policy\"}]},{\"@type\":\"WebSite\",\"@id\":\"https:\/\/importaco.com\/#website\",\"url\":\"https:\/\/importaco.com\/\",\"name\":\"Importaco\",\"description\":\"Importaco, fundada en 1940, es una compa\u00f1\u00eda l\u00edder en la industria de alimentaci\u00f3n y bebidas, especializada en la comercializaci\u00f3n de frutos secos y agua mineral.\",\"potentialAction\":[{\"@type\":\"SearchAction\",\"target\":{\"@type\":\"EntryPoint\",\"urlTemplate\":\"https:\/\/importaco.com\/?s={search_term_string}\"},\"query-input\":{\"@type\":\"PropertyValueSpecification\",\"valueRequired\":true,\"valueName\":\"search_term_string\"}}],\"inLanguage\":\"en-US\"}]}<\/script>\n<!-- \/ Yoast SEO plugin. -->","yoast_head_json":{"title":"Privacy Policy - Importaco","robots":{"index":"index","follow":"follow","max-snippet":"max-snippet:-1","max-image-preview":"max-image-preview:large","max-video-preview":"max-video-preview:-1"},"canonical":"https:\/\/importaco.com\/politica-de-privacidad\/","og_locale":"en_US","og_type":"article","og_title":"Privacy Policy - Importaco","og_description":"Who is the data controller of your data? &nbsp; Entity name: IMPORTACO, S.A. (hereinafter, \u201cIMPORTACO\u201d) Address: Carretera Real de Madrid\u2026","og_url":"https:\/\/importaco.com\/politica-de-privacidad\/","og_site_name":"Importaco","article_modified_time":"2023-06-26T10:10:09+00:00","twitter_card":"summary_large_image","twitter_misc":{"Est. reading time":"5 minutes"},"schema":{"@context":"https:\/\/schema.org","@graph":[{"@type":"WebPage","@id":"https:\/\/importaco.com\/politica-de-privacidad\/","url":"https:\/\/importaco.com\/politica-de-privacidad\/","name":"Privacy Policy - Importaco","isPartOf":{"@id":"https:\/\/importaco.com\/#website"},"datePublished":"2023-06-22T15:38:35+00:00","dateModified":"2023-06-26T10:10:09+00:00","breadcrumb":{"@id":"https:\/\/importaco.com\/politica-de-privacidad\/#breadcrumb"},"inLanguage":"en-US","potentialAction":[{"@type":"ReadAction","target":["https:\/\/importaco.com\/politica-de-privacidad\/"]}]},{"@type":"BreadcrumbList","@id":"https:\/\/importaco.com\/politica-de-privacidad\/#breadcrumb","itemListElement":[{"@type":"ListItem","position":1,"name":"Portada","item":"https:\/\/importaco.com\/en\/"},{"@type":"ListItem","position":2,"name":"Privacy Policy"}]},{"@type":"WebSite","@id":"https:\/\/importaco.com\/#website","url":"https:\/\/importaco.com\/","name":"Importaco","description":"Importaco, fundada en 1940, es una compa\u00f1\u00eda l\u00edder en la industria de alimentaci\u00f3n y bebidas, especializada en la comercializaci\u00f3n de frutos secos y agua mineral.","potentialAction":[{"@type":"SearchAction","target":{"@type":"EntryPoint","urlTemplate":"https:\/\/importaco.com\/?s={search_term_string}"},"query-input":{"@type":"PropertyValueSpecification","valueRequired":true,"valueName":"search_term_string"}}],"inLanguage":"en-US"}]}},"_links":{"self":[{"href":"https:\/\/importaco.com\/en\/wp-json\/wp\/v2\/pages\/161"}],"collection":[{"href":"https:\/\/importaco.com\/en\/wp-json\/wp\/v2\/pages"}],"about":[{"href":"https:\/\/importaco.com\/en\/wp-json\/wp\/v2\/types\/page"}],"author":[{"embeddable":true,"href":"https:\/\/importaco.com\/en\/wp-json\/wp\/v2\/users\/7"}],"replies":[{"embeddable":true,"href":"https:\/\/importaco.com\/en\/wp-json\/wp\/v2\/comments?post=161"}],"version-history":[{"count":6,"href":"https:\/\/importaco.com\/en\/wp-json\/wp\/v2\/pages\/161\/revisions"}],"predecessor-version":[{"id":194,"href":"https:\/\/importaco.com\/en\/wp-json\/wp\/v2\/pages\/161\/revisions\/194"}],"wp:attachment":[{"href":"https:\/\/importaco.com\/en\/wp-json\/wp\/v2\/media?parent=161"}],"curies":[{"name":"wp","href":"https:\/\/api.w.org\/{rel}","templated":true}]}}