{"id":195,"date":"2023-06-26T09:52:56","date_gmt":"2023-06-26T09:52:56","guid":{"rendered":"https:\/\/importaco.com\/preview\/?page_id=195"},"modified":"2023-06-26T10:38:31","modified_gmt":"2023-06-26T10:38:31","slug":"cookies-policy","status":"publish","type":"page","link":"https:\/\/importaco.com\/en\/cookies-policy\/","title":{"rendered":"Cookies Policy"},"content":{"rendered":"<div class=\"page\" title=\"Page 1\">\n<div class=\"layoutArea\">\n<div class=\"column\">IMPORTACO uses cookies to improve the visitor experience in our websites and we have published a new cookies policy. We will explain what cookies are and how we use them on our websites.<\/div>\n<p>&nbsp;<\/p>\n<div class=\"column\"><span style=\"text-decoration: underline;\"><strong>What is a cookie?<\/strong><\/span><\/div>\n<p>&nbsp;<\/p>\n<div class=\"column\">Cookies are small les, containing a string of letters and numbers, and stored occasion- ally in your computer by the websites\u2019 servers. They allow the website to provide you with a unique identier. Cookies cannot be executed as code and they do not contain viruses to access your hard drive. So, it is not possible to access the information in your hard drive, even though cookies are stored on it.<\/div>\n<div><\/div>\n<div class=\"column\">This website uses rst- and third-party cookies to provide you with a better experience and service. While visiting or using our services, you agree to their use. You may change the \u201ccookies\u201d conguration anytime.<\/div>\n<p>&nbsp;<\/p>\n<div><\/div>\n<div class=\"column\"><strong>Use of cookies<\/strong><\/div>\n<div class=\"column\">The data generated through cookies in IMPORTACO web pages may be used for different purposes, including:<\/div>\n<p>&nbsp;<\/p>\n<div class=\"column\"><strong>&#8211; Strictly necessary uses<\/strong>: These cookies are essential so that you can browse through our website and use all functions, such as access to secure areas in the website, shop- ping list history, saving the stages in your order process.<\/div>\n<div class=\"column\"><strong>&#8211; Performance:<\/strong> Cookies gather information about how visitors use a website, for exam- ple, the pages the visitors browse more often or the error messages they receive. These cookies are used to improve the website in future versions, improve the user ex- perience and also improve the website performance reducing the loading time.<\/div>\n<p><strong>&#8211; Functionality:<\/strong> These cookies allow the website to track the decisions you make when accessing, such as your username or language, and provide a better user experience, guarantee a coherent interface and guarantee your security when login.<\/p>\n<\/div>\n<div class=\"layoutArea\"><strong>&#8211; Focusing and advertising<\/strong>: These cookies are used to deliver the most relevant content for you and your interests.<\/div>\n<div>\n<div class=\"page\" title=\"Page 2\">\n<div class=\"section\">\n<p>We do not allow third-parties to advertise on our website, but we cannot control the ad- vertisements allowed by the ISP while you use your internet browser.<\/p>\n<p>&nbsp;<\/p>\n<p>&nbsp;<\/p>\n<p class=\"layoutArea\"><span style=\"text-decoration: underline;\"><strong>Types of cookies<\/strong><\/span><\/p>\n<p>&nbsp;<\/p>\n<p class=\"layoutArea\">This Website uses both Session and Persistent cookies. Session cookies store data only while the user browses the web, and persistent cookies store data in the device for its use in multiple sessions.<\/p>\n<p>Depending on the nal use of the data stored by the cookies, the Web may use:<\/p>\n<p>&nbsp;<\/p>\n<p><strong>&#8211; Technical Cookies<\/strong><\/p>\n<p>These allow the user to browse the web or app and the use of the different options or services. For example, to control trac and data communications, to identify the session, to access restricted areas, orders history, to request the registration or participation in an event, to use the security items and to store video or sound contents.<\/p>\n<p>&nbsp;<\/p>\n<ul>\n<li><strong>&#8211; Customize Cookies<\/strong><\/li>\n<\/ul>\n<p>These allow the user to access the service with some preset general characteristics or customized by the user. For example, the language, the browser to access the service, the content design chosen, device geolocation and regional conguration of the access country or area.<\/p>\n<p>&nbsp;<\/p>\n<ul>\n<li><strong>&#8211; Advertisement Cookies<\/strong><\/li>\n<\/ul>\n<p>These allow the ecient management of the advertisement displays included on the website or app. They also make it relevant for the user and avoid showing ads already seen.<\/p>\n<p>&nbsp;<\/p>\n<ul>\n<li><strong>&#8211; Statistics Cookies<\/strong><\/li>\n<\/ul>\n<p>These allow tracking and analyzing the users behavior. The information gathered by this kind of cookie is used to measure the activity in the website, app or platform and to make browsing proles of the users, in order to improve the service according to the users\u2019 data.<\/p>\n<p>&nbsp;<\/p>\n<ul>\n<li><strong>&#8211; Third-party Cookies<\/strong><\/li>\n<\/ul>\n<p>Some webpages may install third-party cookies to manage and improve the services. For example, Google Analytics statistical services.<\/p>\n<\/div>\n<\/div>\n<div class=\"page\" title=\"Page 2\">\n<div class=\"section\">\n<div class=\"layoutArea\">\n<div class=\"column\">\n<p>&nbsp;<\/p>\n<p>&nbsp;<\/p>\n<p><span style=\"text-decoration: underline;\"><strong>Cookies in use<br \/>\n<\/strong><\/span><\/p>\n<p>&nbsp;<\/p>\n<ul>\n<li>&#8211; Cookie Owner Name: Google Analytics__utma<br \/>\nObjective: This cookie is usually set on the rst visit. If you manually delete the cookie, it will be created on the next visit, with a different ID. In most cases, this cookie is used to count the unique visitors in the website and it is updated with every browsed site.<br \/>\nKind: Third-Party<br \/>\nWindow: 2 years<\/li>\n<\/ul>\n<p>&nbsp;<\/p>\n<ul>\n<li>&#8211; Cookie Owner Name: Google Analytics__utmb<br \/>\nObjective: This cookie is used to establish or continue an user session in our website. When a user visits a page in our site, the Google Analytics code updates the cookie.<br \/>\nKind: Third-Party<br \/>\nWindow: 30 minutes<\/li>\n<\/ul>\n<p>&nbsp;<\/p>\n<ul>\n<li>&#8211; Cookie Owner Name: Google Analytics__utmc<br \/>\nObjective: This cookie used to work with _utmb cookie to determine whether a new user session should be established. Nowadays it is no longer used, but it is still on to keep backwards compatibility with theurchin.js and ga.js codes. Session Cookie.<br \/>\nKind: Third-Party<br \/>\nWindow: End of session<\/li>\n<\/ul>\n<p>&nbsp;<\/p>\n<ul>\n<li>Cookie Owner Name: Google Analytics__utmt<br \/>\nObjective: This cookie is usually not present unless we use the option setVar () in the Google Analytics code. The cookie _utmt transfers the information towards the setVar() method, which creates a specic segment for the users<br \/>\nKind: Third-Party<br \/>\nWindow: 2 years<\/li>\n<\/ul>\n<p>&nbsp;<\/p>\n<ul>\n<li>&#8211; Cookie Owner Name: Google Analytics__utmz<br \/>\nObjective: Saves the information about references used to reach the website, whether it is directly, through a reference link, a web search, a marketing action or an email. Calculates the traffic from web searchers, from marketing actions and from our own site<br \/>\nKind: Third-Party<br \/>\nWindow: 6 months<\/li>\n<\/ul>\n<p>&nbsp;<\/p>\n<ul>\n<li>&#8211; Cookie Owner Name: WordPress Cookie PHPSESSID<br \/>\nObjective: Encrypted language PHP uses this cookie to allow the SESSION variables to be stored on the web server. These cookies are essential for the proper performance of the website.<br \/>\nKind: First-Party<br \/>\nWindow: End of session<\/li>\n<\/ul>\n<\/div>\n<\/div>\n<\/div>\n<\/div>\n<\/div>\n<p>&nbsp;<\/p>\n<p>&nbsp;<\/p>\n<p class=\"section\"><span style=\"text-decoration: underline;\"><strong>Cookies administration<\/strong><\/span><\/p>\n<p>&nbsp;<\/p>\n<p class=\"section\">The user has the option of allowing, blocking or deleting the cookies installed on the de- vice using the Setting options in your browser.:<\/p>\n<div class=\"page\" title=\"Page 3\">\n<div class=\"section\">\n<div class=\"layoutArea\">\n<div class=\"column\">\n<p>&nbsp;<\/p>\n<p><strong>To set the cookies permissions in Google Chrome:<\/strong><\/p>\n<p>\u2013 Click on the menu located on the toolbar.<br \/>\n\u2013 Choose \u201cSettings\u201d.<br \/>\n\u2013 Click on \u201cShow Advanced Options\u201d.<br \/>\n\u2013 On \u201cPrivacy\u201d click on \u201cContent settings\u201d.<br \/>\n\u2013 On \u201cCookies\u201d you may congure the settings.<\/p>\n<p>&nbsp;<\/p>\n<p><strong>To adjust the cookie permissions in Mozilla Firefox:<\/strong><\/p>\n<p>\u2013 Open the Menu.<br \/>\n\u2013 Choose Settings.<br \/>\n\u2013 Click on \u201cPrivacy and Security\u201d.<br \/>\n\u2013 On the \u201cCookies and Site Data\u201d you can choose the settings you prefer.<\/p>\n<p>*More info about Mozilla Firefox.<\/p>\n<p>&nbsp;<\/p>\n<p><strong>To adjust permissions about cookies in Microsoft Edge:<\/strong><\/p>\n<p>\u2013 On the Menu, click on \u201cSettings\u201d.<br \/>\n\u2013 On \u201cPrivacy, search, and services\u201d, you may choose the tracking settings. \u2013 On \u201cCookies and site permissions\u201d, you can manage the cookie options.<\/p>\n<div class=\"page\" title=\"Page 3\">\n<div class=\"section\">\n<div class=\"layoutArea\">\n<div class=\"column\">\n<p>* More Info about Microsoft Edge<\/p>\n<p>You may know more details about how to use cookies on the Help button on your brows- er, or visit www.aboutcookies.org, which provides detailed information about cookies management in the most popular browsers.<\/p>\n<p>Some browsers may congure specic rules to manage cookies on the website, which offers a more precise control about privacy. This means you may disable cookies on every site but the trusted ones.<\/p>\n<\/div>\n<\/div>\n<\/div>\n<\/div>\n<\/div>\n<\/div>\n<\/div>\n<\/div>\n<\/div>\n","protected":false},"excerpt":{"rendered":"<p>IMPORTACO uses cookies to improve the visitor experience in our websites and we have published a new cookies policy. We\u2026<\/p>\n","protected":false},"author":7,"featured_media":0,"parent":0,"menu_order":0,"comment_status":"closed","ping_status":"closed","template":"","meta":{"_acf_changed":false,"inline_featured_image":false,"footnotes":""},"acf":[],"yoast_head":"<!-- This site is optimized with the Yoast SEO plugin v23.5 - https:\/\/yoast.com\/wordpress\/plugins\/seo\/ -->\n<title>Cookies Policy - Importaco<\/title>\n<meta name=\"robots\" content=\"index, follow, max-snippet:-1, max-image-preview:large, max-video-preview:-1\" \/>\n<link rel=\"canonical\" href=\"https:\/\/importaco.com\/politica-de-cookies\/\" \/>\n<meta property=\"og:locale\" content=\"en_US\" \/>\n<meta property=\"og:type\" content=\"article\" \/>\n<meta property=\"og:title\" content=\"Cookies Policy - Importaco\" \/>\n<meta property=\"og:description\" content=\"IMPORTACO uses cookies to improve the visitor experience in our websites and we have published a new cookies policy. We\u2026\" \/>\n<meta property=\"og:url\" content=\"https:\/\/importaco.com\/politica-de-cookies\/\" \/>\n<meta property=\"og:site_name\" content=\"Importaco\" \/>\n<meta property=\"article:modified_time\" content=\"2023-06-26T10:38:31+00:00\" \/>\n<meta name=\"twitter:card\" content=\"summary_large_image\" \/>\n<meta name=\"twitter:label1\" content=\"Est. reading time\" \/>\n\t<meta name=\"twitter:data1\" content=\"6 minutes\" \/>\n<script type=\"application\/ld+json\" class=\"yoast-schema-graph\">{\"@context\":\"https:\/\/schema.org\",\"@graph\":[{\"@type\":\"WebPage\",\"@id\":\"https:\/\/importaco.com\/politica-de-cookies\/\",\"url\":\"https:\/\/importaco.com\/politica-de-cookies\/\",\"name\":\"Cookies Policy - Importaco\",\"isPartOf\":{\"@id\":\"https:\/\/importaco.com\/#website\"},\"datePublished\":\"2023-06-26T09:52:56+00:00\",\"dateModified\":\"2023-06-26T10:38:31+00:00\",\"breadcrumb\":{\"@id\":\"https:\/\/importaco.com\/politica-de-cookies\/#breadcrumb\"},\"inLanguage\":\"en-US\",\"potentialAction\":[{\"@type\":\"ReadAction\",\"target\":[\"https:\/\/importaco.com\/politica-de-cookies\/\"]}]},{\"@type\":\"BreadcrumbList\",\"@id\":\"https:\/\/importaco.com\/politica-de-cookies\/#breadcrumb\",\"itemListElement\":[{\"@type\":\"ListItem\",\"position\":1,\"name\":\"Portada\",\"item\":\"https:\/\/importaco.com\/en\/\"},{\"@type\":\"ListItem\",\"position\":2,\"name\":\"Cookies Policy\"}]},{\"@type\":\"WebSite\",\"@id\":\"https:\/\/importaco.com\/#website\",\"url\":\"https:\/\/importaco.com\/\",\"name\":\"Importaco\",\"description\":\"Importaco, fundada en 1940, es una compa\u00f1\u00eda l\u00edder en la industria de alimentaci\u00f3n y bebidas, especializada en la comercializaci\u00f3n de frutos secos y agua mineral.\",\"potentialAction\":[{\"@type\":\"SearchAction\",\"target\":{\"@type\":\"EntryPoint\",\"urlTemplate\":\"https:\/\/importaco.com\/?s={search_term_string}\"},\"query-input\":{\"@type\":\"PropertyValueSpecification\",\"valueRequired\":true,\"valueName\":\"search_term_string\"}}],\"inLanguage\":\"en-US\"}]}<\/script>\n<!-- \/ Yoast SEO plugin. -->","yoast_head_json":{"title":"Cookies Policy - Importaco","robots":{"index":"index","follow":"follow","max-snippet":"max-snippet:-1","max-image-preview":"max-image-preview:large","max-video-preview":"max-video-preview:-1"},"canonical":"https:\/\/importaco.com\/politica-de-cookies\/","og_locale":"en_US","og_type":"article","og_title":"Cookies Policy - Importaco","og_description":"IMPORTACO uses cookies to improve the visitor experience in our websites and we have published a new cookies policy. We\u2026","og_url":"https:\/\/importaco.com\/politica-de-cookies\/","og_site_name":"Importaco","article_modified_time":"2023-06-26T10:38:31+00:00","twitter_card":"summary_large_image","twitter_misc":{"Est. reading time":"6 minutes"},"schema":{"@context":"https:\/\/schema.org","@graph":[{"@type":"WebPage","@id":"https:\/\/importaco.com\/politica-de-cookies\/","url":"https:\/\/importaco.com\/politica-de-cookies\/","name":"Cookies Policy - Importaco","isPartOf":{"@id":"https:\/\/importaco.com\/#website"},"datePublished":"2023-06-26T09:52:56+00:00","dateModified":"2023-06-26T10:38:31+00:00","breadcrumb":{"@id":"https:\/\/importaco.com\/politica-de-cookies\/#breadcrumb"},"inLanguage":"en-US","potentialAction":[{"@type":"ReadAction","target":["https:\/\/importaco.com\/politica-de-cookies\/"]}]},{"@type":"BreadcrumbList","@id":"https:\/\/importaco.com\/politica-de-cookies\/#breadcrumb","itemListElement":[{"@type":"ListItem","position":1,"name":"Portada","item":"https:\/\/importaco.com\/en\/"},{"@type":"ListItem","position":2,"name":"Cookies Policy"}]},{"@type":"WebSite","@id":"https:\/\/importaco.com\/#website","url":"https:\/\/importaco.com\/","name":"Importaco","description":"Importaco, fundada en 1940, es una compa\u00f1\u00eda l\u00edder en la industria de alimentaci\u00f3n y bebidas, especializada en la comercializaci\u00f3n de frutos secos y agua mineral.","potentialAction":[{"@type":"SearchAction","target":{"@type":"EntryPoint","urlTemplate":"https:\/\/importaco.com\/?s={search_term_string}"},"query-input":{"@type":"PropertyValueSpecification","valueRequired":true,"valueName":"search_term_string"}}],"inLanguage":"en-US"}]}},"_links":{"self":[{"href":"https:\/\/importaco.com\/en\/wp-json\/wp\/v2\/pages\/195"}],"collection":[{"href":"https:\/\/importaco.com\/en\/wp-json\/wp\/v2\/pages"}],"about":[{"href":"https:\/\/importaco.com\/en\/wp-json\/wp\/v2\/types\/page"}],"author":[{"embeddable":true,"href":"https:\/\/importaco.com\/en\/wp-json\/wp\/v2\/users\/7"}],"replies":[{"embeddable":true,"href":"https:\/\/importaco.com\/en\/wp-json\/wp\/v2\/comments?post=195"}],"version-history":[{"count":9,"href":"https:\/\/importaco.com\/en\/wp-json\/wp\/v2\/pages\/195\/revisions"}],"predecessor-version":[{"id":203,"href":"https:\/\/importaco.com\/en\/wp-json\/wp\/v2\/pages\/195\/revisions\/203"}],"wp:attachment":[{"href":"https:\/\/importaco.com\/en\/wp-json\/wp\/v2\/media?parent=195"}],"curies":[{"name":"wp","href":"https:\/\/api.w.org\/{rel}","templated":true}]}}